{"id":8291,"date":"2025-07-02T09:49:10","date_gmt":"2025-07-02T07:49:10","guid":{"rendered":"https:\/\/www.corallohotel.it\/erklaerung-zur-zugaenglichkeit\/"},"modified":"2025-08-28T12:32:05","modified_gmt":"2025-08-28T10:32:05","slug":"erklaerung-zur-zugaenglichkeit","status":"publish","type":"page","link":"https:\/\/www.corallohotel.it\/de\/erklaerung-zur-zugaenglichkeit\/","title":{"rendered":"Erkl\u00e4rung zur Zug\u00e4nglichkeit"},"content":{"rendered":"\t\t<div data-elementor-type=\"wp-page\" data-elementor-id=\"8291\" class=\"elementor elementor-8291 elementor-8281\" data-elementor-post-type=\"page\">\n\t\t\t\t<div class=\"elementor-element elementor-element-df72419 e-flex e-con-boxed e-con e-parent\" data-id=\"df72419\" data-element_type=\"container\" data-e-type=\"container\">\n\t\t\t\t\t<div class=\"e-con-inner\">\n\t\t<div class=\"elementor-element elementor-element-7a5f01b e-con-full e-flex e-con e-child\" data-id=\"7a5f01b\" data-element_type=\"container\" data-e-type=\"container\" data-settings=\"{&quot;background_background&quot;:&quot;classic&quot;}\">\n\t\t\t\t<div class=\"elementor-element elementor-element-23941a3 elementor-widget elementor-widget-shortcode\" data-id=\"23941a3\" data-element_type=\"widget\" data-e-type=\"widget\" data-widget_type=\"shortcode.default\">\n\t\t\t\t<div class=\"elementor-widget-container\">\n\t\t\t\t\t\t\t<div class=\"elementor-shortcode\"><h1>Erkl\u00e4rung zur Zug\u00e4nglichkeit<\/h1><h2>Corallo Wellness Hotel<redux>Famiglia Trevia<\/redux><\/h2><p>Via Dei Gigli, 5 18013 Diano Marina (IM), Italia<\/p><p><a href=\"mailto:info@corallohotel.it\">info@corallohotel.it<\/a><\/p><p>Ragione Sociale: \"QUADRIFOGLIO\" di ESCH RENATE E C. s.a.s.<br>\r\nSede Legale: Via Dei Gigli, 5 18013 Diano Marina (IM), Italia<br>\r\nP.IVA e CF: 00894160084<br>\r\nCODICE CITR: 008027-ALB-0006<br>\r\nCIN: IT008027A1GX9LVZZP<\/p><p>Die Website wurde am <strong>22 Juli 2024<\/strong> ver\u00f6ffentlicht<br>Die Website wurde am <strong>13 Mai 2026<\/strong> aktualisiert<\/p><h2>Konformit\u00e4t<\/h2><p>Diese Website ist teilweise konform mit den Anforderungen von Anhang A der Norm UNI CEI EN 301 549 (WCAG 2.1 Stufe AA).<\/p><h2>Nicht barrierefreie Inhalte<\/h2><ul><li>Bilder ohne oder mit unzureichendem Alternativtext<\/li><li>Einige Elemente erf\u00fcllen nicht die Anforderungen an den Farbkontrast<\/li><li>Fehlende semantische Tags schr\u00e4nken die Navigation mit Screenreadern teilweise ein<\/li><li>Video&#039;s: fehlende Untertitel und Transkripte<\/li><li>Sitemap im Footer nicht vorhanden<\/li><li>Fokus ist nicht immer sichtbar<\/li><li>Brotkr\u00fcmelnavigation nicht vorhanden<\/li><li>PDF-Dateien sind nicht vollst\u00e4ndig barrierefrei<\/li><\/ul><h2>Erkl\u00e4rung verfasst von Corallo Wellness Hotel<redux>Famiglia Trevia<\/redux><\/h2><p>Network Service Srl, basierend auf einer internen Bewertung vom 13 Mai 2026.<br> Die Erkl\u00e4rung wurde auf Grundlage einer Bewertung gem\u00e4\u00df der Richtlinie (EU) 2016\/2102 erstellt, durch eine Selbsteinsch\u00e4tzung von Network Service Srl mit Unterst\u00fctzung automatisierter Tools.<\/p><h2>Meldung von Problemen<\/h2><p>Sie k\u00f6nnen Barrierefreiheitsprobleme melden an:<br> E-Mail: <span style=\"text-decoration: underline;\"><a href=\"mailto:accessibilita@network-service.it\">accessibilita@network-service.it<\/a><\/span><br> Wir antworten innerhalb von 30 Werktagen.<\/p><h2>Meldung an AgID<\/h2><p>Wenn die Antwort nicht zufriedenstellend ist, k\u00f6nnen Sie eine Meldung an AgID senden: protocollo@pec.agid.gov.it.<\/p><\/div><style>\r\n        h1 { color: var(--e-global-color-primary); font-size: 40px !important; }\r\n        h2 { color: var(--e-global-color-text); font-size: 24px !important; }\r\n        p, a, li  { color: var(--e-global-color-text); font-size: 16px !important; }\r\n    <\/style><\/div>\n\t\t\t\t\t\t<\/div>\n\t\t\t\t<\/div>\n\t\t\t\t<\/div>\n\t\t\t\t\t<\/div>\n\t\t\t\t<\/div>\n\t\t\t\t<\/div>\n\t\t","protected":false},"excerpt":{"rendered":"","protected":false},"author":2,"featured_media":0,"parent":0,"menu_order":0,"comment_status":"closed","ping_status":"closed","template":"elementor_canvas","meta":{"_acf_changed":false,"footnotes":""},"class_list":["post-8291","page","type-page","status-publish","hentry"],"acf":[],"_links":{"self":[{"href":"https:\/\/www.corallohotel.it\/de\/wp-json\/wp\/v2\/pages\/8291","targetHints":{"allow":["GET"]}}],"collection":[{"href":"https:\/\/www.corallohotel.it\/de\/wp-json\/wp\/v2\/pages"}],"about":[{"href":"https:\/\/www.corallohotel.it\/de\/wp-json\/wp\/v2\/types\/page"}],"author":[{"embeddable":true,"href":"https:\/\/www.corallohotel.it\/de\/wp-json\/wp\/v2\/users\/2"}],"replies":[{"embeddable":true,"href":"https:\/\/www.corallohotel.it\/de\/wp-json\/wp\/v2\/comments?post=8291"}],"version-history":[{"count":2,"href":"https:\/\/www.corallohotel.it\/de\/wp-json\/wp\/v2\/pages\/8291\/revisions"}],"predecessor-version":[{"id":8499,"href":"https:\/\/www.corallohotel.it\/de\/wp-json\/wp\/v2\/pages\/8291\/revisions\/8499"}],"wp:attachment":[{"href":"https:\/\/www.corallohotel.it\/de\/wp-json\/wp\/v2\/media?parent=8291"}],"curies":[{"name":"wp","href":"https:\/\/api.w.org\/{rel}","templated":true}]}}